{"id":14,"date":"2026-03-11T08:59:46","date_gmt":"2026-03-11T08:59:46","guid":{"rendered":"https:\/\/chuyennhatrongoidanang.com\/?page_id=14"},"modified":"2026-04-13T07:05:32","modified_gmt":"2026-04-13T07:05:32","slug":"trang-chu","status":"publish","type":"page","link":"https:\/\/chuyennhatrongoidanang.com\/","title":{"rendered":"Trang Ch\u1ee7"},"content":{"rendered":"<div class=\"row row-collapse row-full-width\"  id=\"row-1794857158\">\n\n\t<div id=\"col-953889984\" class=\"col small-12 large-12\"  >\n\t\t\t\t<div class=\"col-inner\"  >\n\t\t\t\n\t\t\t\n<div class=\"uxb-no-content uxb-image\">Upload Image...<\/div>\n\t\t<\/div>\n\t\t\t\t\t<\/div>\n\n\t\n<\/div>\n\t<div id=\"gap-1834245675\" class=\"gap-element clearfix\" style=\"display:block; height:auto;\">\n\t\t\n<style>\n#gap-1834245675 {\n  padding-top: 30px;\n}\n<\/style>\n\t<\/div>\n\t\n<div class=\"row row-large\"  id=\"row-809392500\">\n\n\t<div id=\"col-1259212486\" class=\"col medium-6 small-12 large-6\"  >\n\t\t\t\t<div class=\"col-inner\"  >\n\t\t\t\n\t\t\t\n<h2 style=\"text-align: center;\">Chuy\u1ec3n Nh\u00e0 Tr\u1ecdn G\u00f3i T\u1ea1i \u0110\u00e0 N\u1eb5ng<\/h2>\n<p>Lorem ipsum dolor sit amet, consectetuer adipiscing elit, sed diam nonummy nibh euismod tincidunt ut laoreet dolore magna aliquam erat volutpat.<\/p>\n\t<div id=\"stack-4131651935\" class=\"stack stack-row justify-center items-stretch\">\n\t\t\n<a href=\"https:\/\/chuyennhatrongoidanang.com\/lien-he\/\" target=\"_self\" class=\"button primary is-outline\"  style=\"border-radius:10px;\">\n    <span>Li\u00ean h\u1ec7 \u0111\u1ec3 nh\u1eadn \u0111\u01b0\u1ee3c t\u01b0 v\u1ea5n<\/span>\n  <\/a>\n\n\t\t\n<style>\n#stack-4131651935 > * {\n  --stack-gap: 0rem;\n}\n<\/style>\n\t<\/div>\n\t\n\t\t<\/div>\n\t\t\t\t\t<\/div>\n\n\t\n\n\t<div id=\"col-2001341633\" class=\"col medium-6 small-12 large-6\"  >\n\t\t\t\t<div class=\"col-inner\"  >\n\t\t\t\n\t\t\t\n\t<div class=\"img has-hover x md-x lg-x y md-y lg-y\" id=\"image_1976360196\">\n\t\t\t\t\t\t\t\t<div class=\"img-inner dark\" >\n\t\t\t<img loading=\"lazy\" decoding=\"async\" width=\"671\" height=\"361\" src=\"https:\/\/chuyennhatrongoidanang.com\/wp-content\/uploads\/2026\/03\/chuyen-nha-ho-chi-minh.png\" class=\"attachment-large size-large\" alt=\"Chuy\u1ec3n Nh\u00e0 H\u1ed3 Ch\u00ed Minh\" srcset=\"https:\/\/chuyennhatrongoidanang.com\/wp-content\/uploads\/2026\/03\/chuyen-nha-ho-chi-minh.png 671w, https:\/\/chuyennhatrongoidanang.com\/wp-content\/uploads\/2026\/03\/chuyen-nha-ho-chi-minh-300x161.png 300w\" sizes=\"auto, (max-width: 671px) 100vw, 671px\" \/>\t\t\t\t\t\t\n\t\t\t\t\t<\/div>\n\t\t\t\t\t\t\t\t\n<style>\n#image_1976360196 {\n  width: 100%;\n}\n<\/style>\n\t<\/div>\n\t\n\t\t<\/div>\n\t\t\t\t\t<\/div>\n\n\t\n<\/div>\n<div class=\"row row-large row-dashed\"  id=\"row-259283441\">\n\n\t<div id=\"col-122242544\" class=\"col small-12 large-12\"  >\n\t\t\t\t<div class=\"col-inner\"  >\n\t\t\t\n\t\t\t\n\n\t\t<div class=\"tabbed-content\">\n\t\t\t\n\t\t\t<ul class=\"nav nav-line-bottom nav-uppercase nav-size-xlarge nav-center\" role=\"tablist\"><li id=\"tab-b\u1ea3ng-gi\u00e1-d\u1ecbch-v\u1ee5\" class=\"tab active has-icon\" role=\"presentation\"><a href=\"#tab_b\u1ea3ng-gi\u00e1-d\u1ecbch-v\u1ee5\" role=\"tab\" aria-selected=\"true\" aria-controls=\"tab_b\u1ea3ng-gi\u00e1-d\u1ecbch-v\u1ee5\"><span>B\u1ea3ng Gi\u00e1 D\u1ecbch V\u1ee5<\/span><\/a><\/li>\n<li id=\"tab-quy-tr\u00ecnh-l\u00e0m-vi\u1ec7c\" class=\"tab has-icon\" role=\"presentation\"><a href=\"#tab_quy-tr\u00ecnh-l\u00e0m-vi\u1ec7c\" tabindex=\"-1\" role=\"tab\" aria-selected=\"false\" aria-controls=\"tab_quy-tr\u00ecnh-l\u00e0m-vi\u1ec7c\"><span>Quy Tr\u00ecnh L\u00e0m Vi\u1ec7c<\/span><\/a><\/li>\n<li id=\"tab-nh\u1eefng-c\u00e2u-h\u1ecfi-hay-g\u1eb7p\" class=\"tab has-icon\" role=\"presentation\"><a href=\"#tab_nh\u1eefng-c\u00e2u-h\u1ecfi-hay-g\u1eb7p\" tabindex=\"-1\" role=\"tab\" aria-selected=\"false\" aria-controls=\"tab_nh\u1eefng-c\u00e2u-h\u1ecfi-hay-g\u1eb7p\"><span>Nh\u1eefng C\u00e2u H\u1ecfi Hay G\u1eb7p<\/span><\/a><\/li><\/ul><div class=\"tab-panels\"><div id=\"tab_b\u1ea3ng-gi\u00e1-d\u1ecbch-v\u1ee5\" class=\"panel active entry-content\" role=\"tabpanel\" aria-labelledby=\"tab-b\u1ea3ng-gi\u00e1-d\u1ecbch-v\u1ee5\">\n<div class=\"container section-title-container\" ><h3 class=\"section-title section-title-bold-center\"><b><\/b><span class=\"section-title-main\" >b\u1ea3ng gi\u00e1 d\u1ecbch v\u1ee5 c\u1ee7a chuy\u1ec3n nh\u00e0 \u0110\u00e0 N\u1eb5ng<\/span><b><\/b><\/h3><\/div>\n<p>Lorem ipsum dolor sit amet, consectetuer adipiscing elit, sed diam nonummy nibh euismod tincidunt ut laoreet dolore magna aliquam erat volutpat.<\/p>\n<\/div>\n<div id=\"tab_quy-tr\u00ecnh-l\u00e0m-vi\u1ec7c\" class=\"panel entry-content\" role=\"tabpanel\" aria-labelledby=\"tab-quy-tr\u00ecnh-l\u00e0m-vi\u1ec7c\">\n<div class=\"container section-title-container\" ><h3 class=\"section-title section-title-bold-center\"><b><\/b><span class=\"section-title-main\" >quy tr\u00ecnh l\u00e0m vi\u1ec7c c\u1ee7a chuy\u1ec3n nh\u00e0 H\u1ed3 ch\u00ed minh<\/span><b><\/b><\/h3><\/div>\n<div class=\"row row-large row-dashed\"  id=\"row-1762541600\">\n\n\t<div id=\"col-1273590939\" class=\"col medium-3 small-6 large-3\"  >\n\t\t\t\t<div class=\"col-inner\"  >\n\t\t\t\n\t\t\t\n<div class=\"container section-title-container\" ><h4 class=\"section-title section-title-bold-center\"><b><\/b><span class=\"section-title-main\" >b\u01b0\u1edbc 1<\/span><b><\/b><\/h4><\/div>\n<p>Lorem ipsum dolor sit amet, consectetuer adipiscing elit, sed diam nonummy nibh euismod tincidunt ut laoreet dolore magna aliquam erat volutpat.<\/p>\n\t\t<\/div>\n\t\t\t\t\t<\/div>\n\n\t\n\n\t<div id=\"col-2132962363\" class=\"col medium-3 small-6 large-3\"  >\n\t\t\t\t<div class=\"col-inner\"  >\n\t\t\t\n\t\t\t\n<div class=\"container section-title-container\" ><h4 class=\"section-title section-title-bold-center\"><b><\/b><span class=\"section-title-main\" >b\u01b0\u1edbc 2<\/span><b><\/b><\/h4><\/div>\n<p>Lorem ipsum dolor sit amet, consectetuer adipiscing elit, sed diam nonummy nibh euismod tincidunt ut laoreet dolore magna aliquam erat volutpat.<\/p>\n\t\t<\/div>\n\t\t\t\t\t<\/div>\n\n\t\n\n\t<div id=\"col-2035302694\" class=\"col medium-3 small-6 large-3\"  >\n\t\t\t\t<div class=\"col-inner\"  >\n\t\t\t\n\t\t\t\n<div class=\"container section-title-container\" ><h4 class=\"section-title section-title-bold-center\"><b><\/b><span class=\"section-title-main\" >b\u01b0\u1edbc 3<\/span><b><\/b><\/h4><\/div>\n<p>Lorem ipsum dolor sit amet, consectetuer adipiscing elit, sed diam nonummy nibh euismod tincidunt ut laoreet dolore magna aliquam erat volutpat.<\/p>\n\t\t<\/div>\n\t\t\t\t\t<\/div>\n\n\t\n\n\t<div id=\"col-515087840\" class=\"col medium-3 small-6 large-3\"  >\n\t\t\t\t<div class=\"col-inner\"  >\n\t\t\t\n\t\t\t\n<div class=\"container section-title-container\" ><h4 class=\"section-title section-title-bold-center\"><b><\/b><span class=\"section-title-main\" >b\u01b0\u1edbc 4<\/span><b><\/b><\/h4><\/div>\n<p>Lorem ipsum dolor sit amet, consectetuer adipiscing elit, sed diam nonummy nibh euismod tincidunt ut laoreet dolore magna aliquam erat volutpat.<\/p>\n\t\t<\/div>\n\t\t\t\t\t<\/div>\n\n\t\n<\/div>\n<\/div>\n<div id=\"tab_nh\u1eefng-c\u00e2u-h\u1ecfi-hay-g\u1eb7p\" class=\"panel entry-content\" role=\"tabpanel\" aria-labelledby=\"tab-nh\u1eefng-c\u00e2u-h\u1ecfi-hay-g\u1eb7p\">\n<div class=\"container section-title-container\" ><h3 class=\"section-title section-title-bold-center\"><b><\/b><span class=\"section-title-main\" >Nh\u1eefng C\u00e2u h\u1ecfi th\u01b0\u1eddng g\u1eb7p<\/span><b><\/b><\/h3><\/div>\n<h3>C\u00e2u h\u1ecfi 1: Chi ph\u00ed chuy\u1ec3n nh\u00e0 t\u1ea1i H\u00e0 N\u1ed9i l\u00e0 bao nhi\u00eau?<\/h3>\n<p>Tr\u1ea3 l\u1eddi: Th\u00e0nh H\u01b0ng xin \u0111\u01b0\u1ee3c tr\u1ea3 l\u1eddi, chi ph\u00ed\u00a0<strong>chuy\u1ec3n nh\u00e0 tr\u1ecdn g\u00f3i t\u1ea1i H\u00e0 N\u1ed9i<\/strong>\u00a0ph\u1ee5 thu\u1ed9c v\u00e0o kh\u1ed1i l\u01b0\u1ee3ng \u0111\u1ed3 \u0111\u1ea1c, lo\u1ea1i h\u00e0ng h\u00f3a, cung \u0111\u01b0\u1eddng v\u1eadn chuy\u1ec3n, th\u1eddi gian v\u1eadn chuy\u1ec3n\u2026.c\u1ee7a qu\u00fd kh\u00e1ch. Do v\u1eady, s\u1ebd kh\u00f4ng c\u00f3 chi ph\u00ed c\u1ee5 th\u1ec3, nh\u01b0ng Th\u00e0nh H\u01b0ng cam k\u1ebft chi ph\u00ed v\u1eadn chuy\u1ec3n h\u1ee3p l\u00fd c\u1ea1nh tranh, r\u00f5 r\u00e0ng.<\/p>\n<h3>C\u00e2u h\u1ecfi 2: \u0110\u1ed3 \u0111\u1ea1c b\u1ecb th\u1ea5t l\u1ea1c khi v\u1eadn chuy\u1ec3n th\u00ec x\u1eed l\u00fd nh\u01b0 th\u1ebf n\u00e0o?<\/h3>\n<p>Tr\u1ea3 l\u1eddi: Th\u00e0nh H\u01b0ng s\u1ebd \u0111\u1ec1n b\u00f9 100% chi ph\u00ed n\u1ebfu \u0111\u1ec3 x\u1ea3y ra m\u1ea5t \u0111\u1ed3 \u2013 r\u01a1i v\u1ee1 \u0111\u1ed3 c\u1ee7a qu\u00fd kh\u00e1ch h\u00e0ng<\/p>\n<h3>C\u00e2u h\u1ecfi 3: T\u01b0 v\u1ea5n v\u00e0 kh\u1ea3o s\u00e1t c\u00f3 m\u1ea5t ph\u00ed kh\u00f4ng?<\/h3>\n<p>Tr\u1ea3 l\u1eddi: T\u01b0 v\u1ea5n v\u00e0 kh\u1ea3o s\u00e1t ho\u00e0n to\u00e0n MI\u1ec4N PH\u00cd, khi kh\u1ea3o s\u00e1t v\u00e0 b\u00e1o gi\u00e1 xong n\u1ebfu kh\u00e1ch h\u00e0ng kh\u00f4ng mu\u1ed1n h\u1ee3p t\u00e1c c\u0169ng kh\u00f4ng ph\u1ea3i m\u1ea5t b\u1ea5t k\u1ec3 kho\u1ea3n chi ph\u00ed n\u00e0o.<\/p>\n<h3>C\u00e2u h\u1ecfi 4: Th\u1eddi gian v\u1eadn chuy\u1ec3n l\u00e0 bao l\u00e2u?<\/h3>\n<p>Tr\u1ea3 l\u1eddi: Th\u1eddi gian v\u1eadn chuy\u1ec3n s\u1ebd ph\u1ee5 thu\u1ed9c v\u00e0o kh\u1ed1i l\u01b0\u1ee3ng \u0111\u1ed3 \u0111\u1ea1c, lo\u1ea1i \u0111\u1ed3 \u0111\u1ea1c v\u00e0 th\u1eddi ti\u1ebft, cung \u0111\u01b0\u1eddng di chuy\u1ec3n\u2026.Khi \u0111\u1ebfn v\u1edbi d\u1ecbch v\u1ee5 chuy\u1ec3n nh\u00e0 Th\u00e0nh H\u01b0ng ch\u00fang t\u00f4i cam k\u1ebft th\u1eddi gian v\u1eadn chuy\u1ec3n nhanh ch\u00f3ng ch\u1ec9 t\u1eeb 2 \u2013 8h. Ch\u00fang t\u00f4i c\u00f3 \u0111\u1ea7y \u0111\u1ee7 h\u1ec7 th\u1ed1ng xe t\u1ea3i c\u0169ng nh\u01b0 nh\u00e2n vi\u00ean \u0111\u1ec3 \u0111\u00e1p \u1ee9ng nhu c\u1ea7u v\u1eadn chuy\u1ec3n v\u1ec1 nh\u00e0 m\u1edbi cho qu\u00fd kh\u00e1ch h\u00e0ng.<\/p>\n<h3>C\u00e2u h\u1ecfi 5: T\u00f4i c\u00f3 ph\u1ea3i \u0111\u00f3ng \u0111\u1ed3 khi s\u1eed d\u1ee5ng d\u1ecbch v\u1ee5 chuy\u1ec3n nh\u00e0 tr\u1ecdn g\u00f3i kh\u00f4ng?<\/h3>\n<p>Tr\u1ea3 l\u1eddi: Vi\u1ec7c \u0111\u00f3ng g\u00f3i, th\u00e1o d\u1ee1, l\u1eafp \u0111\u1eb7t s\u1ebd \u0111\u01b0\u1ee3c Th\u00e0nh H\u01b0ng th\u1ef1c hi\u1ec7n 100% khi qu\u00fd kh\u00e1ch thu\u00ea d\u1ecbch v\u1ee5\u00a0<strong>chuy\u1ec3n nh\u00e0 tr\u1ecdn g\u00f3i<\/strong>. Tuy nhi\u00ean, v\u1edbi nh\u1eefng m\u00f3n \u0111\u1ed3 nh\u1ecf quan tr\u1ecdng nh\u01b0 s\u1ed5 \u0111\u1ecf, s\u1ed5 ti\u1ebft ki\u1ec7m, gi\u1ea5y t\u1edd h\u1ed3 s\u01a1\u2026qu\u00fd kh\u00e1ch n\u00ean t\u1ef1 \u0111\u00f3ng g\u00f3i tr\u01b0\u1edbc \u0111\u1ec3 tr\u00e1nh th\u1ea5t l\u1ea1c khi v\u1eadn chuy\u1ec3n<\/p>\n<h3>C\u00e2u h\u1ecfi 6: T\u00f4i c\u00f3 \u0111\u01b0\u1ee3c mi\u1ec5n ph\u00ed th\u00f9ng carton v\u00e0 b\u0103ng d\u00ednh, \u0111\u1ed3 b\u1ecdc l\u00f3t khi chuy\u1ec3n nh\u00e0 tr\u1ecdn g\u00f3i kh\u00f4ng?<\/h3>\n<p>Tr\u1ea3 l\u1eddi: Khi s\u1eed d\u1ee5ng d\u1ecbch v\u1ee5 chuy\u1ec3n nh\u00e0 tr\u1ecdn g\u00f3i c\u1ee7a Th\u00e0nh H\u01b0ng qu\u00fd kh\u00e1ch \u0111\u01b0\u1ee3c mi\u1ec5n ph\u00ed ho\u00e0n to\u00e0n th\u00f9ng carton, b\u0103ng keo, \u0111\u1ed3 b\u1ecdc l\u00f3t\u2026.. m\u00e0 kh\u00f4ng t\u00ednh th\u00eam b\u1ea5t c\u1ee9 chi ph\u00ed g\u00ec.<\/p>\n<h3>C\u00e2u h\u1ecfi 7: Chuy\u1ec3n nh\u00e0 v\u00e0o cu\u1ed1i tu\u1ea7n, ng\u00e0y l\u1ec5 hay bu\u1ed5i t\u1ed1i c\u00f3 t\u00ednh th\u00eam chi ph\u00ed kh\u00f4ng?<\/h3>\n<p>Tr\u1ea3 l\u1eddi: Chuy\u1ec3n nh\u00e0 v\u00e0o bu\u1ed5i t\u1ed1i hay ng\u00e0y l\u1ec5, cu\u1ed1i tu\u1ea7n gi\u00e1 chuy\u1ec3n nh\u00e0 s\u1ebd kh\u00f4ng thay \u0111\u1ed5i. Tuy nhi\u00ean, n\u1ebfu qu\u00fd kh\u00e1ch chuy\u1ec3n nh\u00e0 sau 23h \u0111\u1ebfn s\u00e1ng th\u00ec s\u1ebd th\u00eam 1 ch\u00fat ph\u1ee5 ph\u00ed cho nh\u00e2n vi\u00ean v\u1eadn chuy\u1ec3n. \u0110i\u1ec1u n\u00e0y ch\u00fang t\u00f4i s\u1ebd n\u00f3i r\u00f5 khi b\u00e1o gi\u00e1 kh\u00e1ch.<\/p>\n<h3>C\u00e2u h\u1ecfi 8: T\u00f4i ch\u1ec9 thu\u00ea xe \u0111\u1ec3 chuy\u1ec3n nh\u00e0 c\u00f3 \u0111\u01b0\u1ee3c kh\u00f4ng?<\/h3>\n<p>Tr\u1ea3 l\u1eddi: N\u1ebfu b\u1ea1n c\u00f3 \u0111\u1ee7 th\u1eddi gian, \u0111\u1ee7 ng\u01b0\u1eddi ph\u1ee5 gi\u00fap \u0111\u00f3ng g\u00f3i v\u1eadn chuy\u1ec3n nh\u00e0 th\u00ec b\u1ea1n c\u00f3 th\u1ec3 thu\u00ea xe m\u00e0 kh\u00f4ng c\u1ea7n s\u1eed d\u1ee5ng \u0111\u1ebfn d\u1ecbch v\u1ee5\u00a0<strong>chuy\u1ec3n nh\u00e0 tr\u1ecdn g\u00f3i<\/strong>\u00a0\u0111\u1ec3 ti\u1ebft ki\u1ec7m chi ph\u00ed.<\/p>\n<\/div><\/div><\/div>\n\t\t<\/div>\n\t\t\t\t\t<\/div>\n\n\t\n<\/div>\n<div class=\"container section-title-container\" ><h1 class=\"section-title section-title-bold-center\"><b><\/b><span class=\"section-title-main\" >D\u1ecbch v\u1ee5 c\u1ee7a chuy\u1ec3n nh\u00e0 \u0110\u00e0 n\u1eb5ng<\/span><b><\/b><\/h1><\/div>\n<div class=\"row row-large row-dashed\"  id=\"row-1561684906\">\n\n\t<div id=\"col-1611913448\" class=\"col small-12 large-12\"  >\n\t\t\t\t<div class=\"col-inner\"  >\n\t\t\t\n\t\t\t\n<div class=\"accordion\">\n<div id=\"accordion-1852827425\" class=\"accordion-item\"><a id=\"accordion-1852827425-label\" href=\"#\" class=\"accordion-title plain active\" aria-expanded=\"true\" aria-controls=\"accordion-1852827425-content\"><button class=\"toggle\" aria-label=\"Toggle\"><i class=\"icon-angle-down\"><\/i><\/button><span>Chuy\u1ec3n Nh\u00e0 Tr\u1ecdn G\u00f3i<\/span><\/a><div id=\"accordion-1852827425-content\" class=\"accordion-inner\" style=\"display: block;\" aria-labelledby=\"accordion-1852827425-label\">\n<div class=\"row row-large row-dashed\"  id=\"row-2091437217\">\n\n\t<div id=\"col-1266391593\" class=\"col medium-6 small-12 large-6\"  >\n\t\t\t\t<div class=\"col-inner\"  >\n\t\t\t\n\t\t\t\n<div class=\"uxb-no-content uxb-image\">Upload Image...<\/div>\n\t\t<\/div>\n\t\t\t\t\t<\/div>\n\n\t\n\n\t<div id=\"col-1609161318\" class=\"col medium-6 small-12 large-6\"  >\n\t\t\t\t<div class=\"col-inner\"  >\n\t\t\t\n\t\t\t\n<div class=\"container section-title-container\" ><h3 class=\"section-title section-title-bold-center\"><b><\/b><span class=\"section-title-main\" >Chuy\u1ec3n Nh\u00e0 Tr\u1ecdn g\u00f3i<\/span><b><\/b><\/h3><\/div>\n<p>Lorem ipsum dolor sit amet, consectetuer adipiscing elit, sed diam nonummy nibh euismod tincidunt ut laoreet dolore magna aliquam erat volutpat.<\/p>\n\t<div id=\"stack-2988232558\" class=\"stack stack-row justify-center items-stretch\">\n\t\t\n<a href=\"https:\/\/chuyennhatrongoidanang.com\/chuyen-nha-tron-goi\/\" target=\"_self\" class=\"button alert is-shade box-shadow-3 box-shadow-5-hover\"  style=\"border-radius:5px;\">\n    <span>Xem th\u00eam<\/span>\n  <\/a>\n\n\t\t\n<style>\n#stack-2988232558 > * {\n  --stack-gap: 0rem;\n}\n<\/style>\n\t<\/div>\n\t\n\t\t<\/div>\n\t\t\t\t\t<\/div>\n\n\t\n<\/div>\n<\/div><\/div>\n<div id=\"accordion-167567892\" class=\"accordion-item\"><a id=\"accordion-167567892-label\" href=\"#\" class=\"accordion-title plain\" aria-expanded=\"false\" aria-controls=\"accordion-167567892-content\"><button class=\"toggle\" aria-label=\"Toggle\"><i class=\"icon-angle-down\"><\/i><\/button><span>Chuy\u1ec3n V\u0103n Ph\u00f2ng<\/span><\/a><div id=\"accordion-167567892-content\" class=\"accordion-inner\" aria-labelledby=\"accordion-167567892-label\">\n<div class=\"row row-large row-dashed\"  id=\"row-936980908\">\n\n\t<div id=\"col-370778462\" class=\"col medium-6 small-12 large-6\"  >\n\t\t\t\t<div class=\"col-inner\"  >\n\t\t\t\n\t\t\t\n<div class=\"uxb-no-content uxb-image\">Upload Image...<\/div>\n\t\t<\/div>\n\t\t\t\t\t<\/div>\n\n\t\n\n\t<div id=\"col-600933832\" class=\"col medium-6 small-12 large-6\"  >\n\t\t\t\t<div class=\"col-inner\"  >\n\t\t\t\n\t\t\t\n<div class=\"container section-title-container\" ><h3 class=\"section-title section-title-bold-center\"><b><\/b><span class=\"section-title-main\" >Cho Thu\u00ea xe t\u1ea3i<\/span><b><\/b><\/h3><\/div>\n<p>Lorem ipsum dolor sit amet, consectetuer adipiscing elit, sed diam nonummy nibh euismod tincidunt ut laoreet dolore magna aliquam erat volutpat.<\/p>\n\t<div id=\"stack-3138754417\" class=\"stack stack-row justify-center items-stretch\">\n\t\t\n<a href=\"https:\/\/chuyennhatrongoidanang.com\/chuyen-van-phong\/\" target=\"_self\" class=\"button alert is-shade box-shadow-3 box-shadow-5-hover\"  style=\"border-radius:5px;\">\n    <span>Xem th\u00eam<\/span>\n  <\/a>\n\n\t\t\n<style>\n#stack-3138754417 > * {\n  --stack-gap: 0rem;\n}\n<\/style>\n\t<\/div>\n\t\n\t\t<\/div>\n\t\t\t\t\t<\/div>\n\n\t\n<\/div>\n<\/div><\/div>\n<div id=\"accordion-276194481\" class=\"accordion-item\"><a id=\"accordion-276194481-label\" href=\"#\" class=\"accordion-title plain\" aria-expanded=\"false\" aria-controls=\"accordion-276194481-content\"><button class=\"toggle\" aria-label=\"Toggle\"><i class=\"icon-angle-down\"><\/i><\/button><span>Cho Thu\u00ea Xe T\u1ea3i<\/span><\/a><div id=\"accordion-276194481-content\" class=\"accordion-inner\" aria-labelledby=\"accordion-276194481-label\">\n<div class=\"row row-large row-dashed\"  id=\"row-1832162574\">\n\n\t<div id=\"col-69150419\" class=\"col medium-6 small-12 large-6\"  >\n\t\t\t\t<div class=\"col-inner\"  >\n\t\t\t\n\t\t\t\n<div class=\"uxb-no-content uxb-image\">Upload Image...<\/div>\n\t\t<\/div>\n\t\t\t\t\t<\/div>\n\n\t\n\n\t<div id=\"col-1772415917\" class=\"col medium-6 small-12 large-6\"  >\n\t\t\t\t<div class=\"col-inner\"  >\n\t\t\t\n\t\t\t\n<div class=\"container section-title-container\" ><h3 class=\"section-title section-title-bold-center\"><b><\/b><span class=\"section-title-main\" >Chuy\u1ec3n Nh\u00e0 Tr\u1ecdn g\u00f3i<\/span><b><\/b><\/h3><\/div>\n<p>Lorem ipsum dolor sit amet, consectetuer adipiscing elit, sed diam nonummy nibh euismod tincidunt ut laoreet dolore magna aliquam erat volutpat.<\/p>\n\t<div id=\"stack-2540452612\" class=\"stack stack-row justify-center items-stretch\">\n\t\t\n<a href=\"https:\/\/chuyennhatrongoidanang.com\/cho-thue-xe-tai\/\" target=\"_self\" class=\"button alert is-shade box-shadow-3 box-shadow-5-hover\"  style=\"border-radius:5px;\">\n    <span>Xem th\u00eam<\/span>\n  <\/a>\n\n\t\t\n<style>\n#stack-2540452612 > * {\n  --stack-gap: 0rem;\n}\n<\/style>\n\t<\/div>\n\t\n\t\t<\/div>\n\t\t\t\t\t<\/div>\n\n\t\n<\/div>\n<\/div><\/div>\n<\/div>\n\t\t<\/div>\n\t\t\t\t\t<\/div>\n\n\t\n<\/div>\n<div class=\"row row-dashed\"  id=\"row-1542837815\">\n\n\t<div id=\"col-717370740\" class=\"col small-12 large-12\"  >\n\t\t\t\t<div class=\"col-inner\"  >\n\t\t\t\n\t\t\t\n<h1 style=\"text-align: center;\">TI\u00caU \u0110\u1ec0<\/h1>\n\t<div id=\"gap-1916057287\" class=\"gap-element clearfix\" style=\"display:block; height:auto;\">\n\t\t\n<style>\n#gap-1916057287 {\n  padding-top: 10px;\n}\n<\/style>\n\t<\/div>\n\t\n<p>Lorem ipsum dolor sit amet, consectetuer adipiscing elit, sed diam nonummy nibh euismod tincidunt ut laoreet dolore magna aliquam erat volutpat adi vip vay bro oi doi oi aaaaaaaaaaaaaaaaaaaaaaaaaaaaaaaaaaaaaaaaaaaaaaaaaaaaaaaaaaaaaaaaaaaaaaaaaaaaaaaaaaaaaaaaaa.<\/p>\n\t\t<\/div>\n\t\t\t\t\t<\/div>\n\n\t\n<\/div>\n","protected":false},"excerpt":{"rendered":"","protected":false},"author":1,"featured_media":0,"parent":0,"menu_order":0,"comment_status":"closed","ping_status":"closed","template":"page-blank.php","meta":{"footnotes":""},"class_list":["post-14","page","type-page","status-publish","hentry"],"_links":{"self":[{"href":"https:\/\/chuyennhatrongoidanang.com\/index.php?rest_route=\/wp\/v2\/pages\/14","targetHints":{"allow":["GET"]}}],"collection":[{"href":"https:\/\/chuyennhatrongoidanang.com\/index.php?rest_route=\/wp\/v2\/pages"}],"about":[{"href":"https:\/\/chuyennhatrongoidanang.com\/index.php?rest_route=\/wp\/v2\/types\/page"}],"author":[{"embeddable":true,"href":"https:\/\/chuyennhatrongoidanang.com\/index.php?rest_route=\/wp\/v2\/users\/1"}],"replies":[{"embeddable":true,"href":"https:\/\/chuyennhatrongoidanang.com\/index.php?rest_route=%2Fwp%2Fv2%2Fcomments&post=14"}],"version-history":[{"count":44,"href":"https:\/\/chuyennhatrongoidanang.com\/index.php?rest_route=\/wp\/v2\/pages\/14\/revisions"}],"predecessor-version":[{"id":179,"href":"https:\/\/chuyennhatrongoidanang.com\/index.php?rest_route=\/wp\/v2\/pages\/14\/revisions\/179"}],"wp:attachment":[{"href":"https:\/\/chuyennhatrongoidanang.com\/index.php?rest_route=%2Fwp%2Fv2%2Fmedia&parent=14"}],"curies":[{"name":"wp","href":"https:\/\/api.w.org\/{rel}","templated":true}]}}