{"id":18,"date":"2026-03-11T09:00:49","date_gmt":"2026-03-11T09:00:49","guid":{"rendered":"https:\/\/chuyennhatrongoidanang.com\/?page_id=18"},"modified":"2026-03-11T11:26:18","modified_gmt":"2026-03-11T11:26:18","slug":"chuyen-van-phong","status":"publish","type":"page","link":"https:\/\/chuyennhatrongoidanang.com\/?page_id=18","title":{"rendered":"Chuy\u1ec3n V\u0103n Ph\u00f2ng"},"content":{"rendered":"<div class=\"row row-collapse row-full-width\"  id=\"row-1603096119\">\n\n\t<div id=\"col-2101442713\" class=\"col small-12 large-12\"  >\n\t\t\t\t<div class=\"col-inner\"  >\n\t\t\t\n\t\t\t\n\n  <div class=\"banner has-hover\" id=\"banner-1184118657\">\n          <div class=\"banner-inner fill\">\n        <div class=\"banner-bg fill\" >\n            <div class=\"bg fill bg-fill \"><\/div>\n                                    \n                    <\/div>\n\t\t\n        <div class=\"banner-layers container\">\n            <div class=\"fill banner-link\"><\/div>            \n   <div id=\"text-box-717179714\" class=\"text-box banner-layer x50 md-x50 lg-x50 y50 md-y50 lg-y50 res-text\">\n                                <div class=\"text-box-content text dark\">\n              \n              <div class=\"text-inner text-center\">\n                  \n<h3 class=\"uppercase\" style=\"text-align: center;\"><b>Chuy\u1ec3n V\u0103n Ph\u00f2ng<\/b><\/h3>\n<p>Chuy\u1ec3n Nh\u00e0 T\u1ea1i .. cung c\u1ea5p d\u1ecbch v\u1ee5 nh\u01b0 &#8230;.<\/p>\n              <\/div>\n           <\/div>\n                            \n<style>\n#text-box-717179714 {\n  width: 60%;\n}\n#text-box-717179714 .text-box-content {\n  font-size: 100%;\n}\n<\/style>\n    <\/div>\n \n        <\/div>\n      <\/div>\n\n            \n<style>\n#banner-1184118657 {\n  padding-top: 300px;\n}\n#banner-1184118657 .ux-shape-divider--top svg {\n  height: 150px;\n  --divider-top-width: 100%;\n}\n#banner-1184118657 .ux-shape-divider--bottom svg {\n  height: 150px;\n  --divider-width: 100%;\n}\n<\/style>\n  <\/div>\n\n\n\t\t<\/div>\n\t\t\t\t\t<\/div>\n\n\t\n<\/div>\n\t<div id=\"gap-374693081\" class=\"gap-element clearfix\" style=\"display:block; height:auto;\">\n\t\t\n<style>\n#gap-374693081 {\n  padding-top: 30px;\n}\n<\/style>\n\t<\/div>\n\t\n<div class=\"row row-collapse row-dashed\"  id=\"row-1497976745\">\n\n\t<div id=\"col-197558408\" class=\"col small-12 large-12\"  >\n\t\t\t\t<div class=\"col-inner\"  >\n\t\t\t\n\t\t\t\n<h1 style=\"text-align: center;\">Ti\u00eau \u0111\u1ec1<\/h1>\n<div class=\"row\"  id=\"row-1565518031\">\n\n\t<div id=\"col-1520341601\" class=\"col medium-9 small-12 large-9\"  >\n\t\t\t\t<div class=\"col-inner\"  >\n\t\t\t\n\t\t\t\n<p>Lorem ipsum dolor sit amet, consectetuer adipiscing elit, sed diam nonummy nibh euismod tincidunt ut laoreet dolore magna aliquam erat volutpat.<\/p>\n\t\t<\/div>\n\t\t\t\t\t<\/div>\n\n\t\n\n\t<div id=\"col-1258711919\" class=\"col medium-3 small-12 large-3\"  >\n\t\t\t\t<div class=\"col-inner\"  >\n\t\t\t\n\t\t\t\n<ul class=\"sidebar-wrapper ul-reset widgets-framed\"><aside id=\"pages-2\" class=\"widget widget_pages\"><span class=\"widget-title \"><span>Danh M\u1ee5c<\/span><\/span><div class=\"is-divider small\"><\/div>\n\t\t\t<ul>\n\t\t\t\t<li class=\"page_item page-item-20\"><a href=\"https:\/\/chuyennhatrongoidanang.com\/?page_id=20\">Cho Thu\u00ea Xe T\u1ea3i<\/a><\/li>\n<li class=\"page_item page-item-16\"><a href=\"https:\/\/chuyennhatrongoidanang.com\/?page_id=16\">Chuy\u1ec3n Nh\u00e0 Tr\u1ecdn G\u00f3i<\/a><\/li>\n<li class=\"page_item page-item-18\"><a href=\"https:\/\/chuyennhatrongoidanang.com\/?page_id=18\">Chuy\u1ec3n V\u0103n Ph\u00f2ng<\/a><\/li>\n<li class=\"page_item page-item-24\"><a href=\"https:\/\/chuyennhatrongoidanang.com\/?page_id=24\">Li\u00ean H\u1ec7<\/a><\/li>\n<li class=\"page_item page-item-22\"><a href=\"https:\/\/chuyennhatrongoidanang.com\/?page_id=22\">Tin T\u1ee9c<\/a><\/li>\n<li class=\"page_item page-item-14\"><a href=\"https:\/\/chuyennhatrongoidanang.com\/\">Trang Ch\u1ee7<\/a><\/li>\n\t\t\t<\/ul>\n\n\t\t\t<\/aside>\t\t<aside id=\"flatsome_recent_posts-2\" class=\"widget flatsome_recent_posts\">\t\t<span class=\"widget-title \"><span>B\u00e0i Vi\u1ebft G\u1ea7n \u0110\u00e2y<\/span><\/span><div class=\"is-divider small\"><\/div>\t\t<ul>\t\t\n\t\t\n\t\t<li class=\"recent-blog-posts-li\">\n\t\t\t<div class=\"flex-row recent-blog-posts align-top pt-half pb-half\">\n\t\t\t\t<div class=\"flex-col mr-half\">\n\t\t\t\t\t<div class=\"badge post-date  badge-outline\">\n\t\t\t\t\t\t\t<div class=\"badge-inner bg-fill\" >\n                                \t\t\t\t\t\t\t\t<span class=\"post-date-day\">11<\/span><br>\n\t\t\t\t\t\t\t\t<span class=\"post-date-month is-xsmall\">Mar<\/span>\n                                \t\t\t\t\t\t\t<\/div>\n\t\t\t\t\t<\/div>\n\t\t\t\t<\/div>\n\t\t\t\t<div class=\"flex-col flex-grow\">\n\t\t\t\t\t  <a href=\"https:\/\/chuyennhatrongoidanang.com\/?p=1\" title=\"Test\">Test<\/a>\n\t\t\t\t   \t  <span class=\"post_comments op-7 block is-xsmall\"><a href=\"https:\/\/chuyennhatrongoidanang.com\/?p=1#comments\"><strong>1<\/strong> Comment<\/a><\/span>\n\t\t\t\t<\/div>\n\t\t\t<\/div>\n\t\t<\/li>\n\t\t\t\t<\/ul>\t\t<\/aside><\/ul>\n\t\t<\/div>\n\t\t\t\t\t<\/div>\n\n\t\n<\/div>\n\t\t<\/div>\n\t\t\t\t\t<\/div>\n\n\t\n<\/div>\n\t<div id=\"gap-1387669251\" class=\"gap-element clearfix\" style=\"display:block; height:auto;\">\n\t\t\n<style>\n#gap-1387669251 {\n  padding-top: 30px;\n}\n<\/style>\n\t<\/div>\n\t\n  <style>\n    #row-909156142 .grid-col-1{height: 300px}\n    #row-909156142 .grid-col-1-2{height: 150px}\n    #row-909156142 .grid-col-1-3{height:100px}\n    #row-909156142 .grid-col-2-3{height: 200px}\n    #row-909156142 .grid-col-1-4{height: 75px}\n    #row-909156142 .grid-col-3-4{height: 225px}\n\n\n        \/* Tablet *\/\n    @media (max-width: 850px){\n      #row-909156142 .grid-col-1{height: 200px}\n      #row-909156142 .grid-col-1-2{height: 100px}\n      #row-909156142 .grid-col-1-3{height:66.666666666667px}\n      #row-909156142 .grid-col-2-3{height: 133.33333333333px}\n      #row-909156142 .grid-col-1-4{height: 50px}\n      #row-909156142 .grid-col-3-4{height: 150px}\n    }\n    \n        \/* Mobile *\/\n    @media (max-width: 550px){\n      #row-909156142 .grid-col-1{height: 200px}\n      #row-909156142 .grid-col-1-2{height: 100px}\n      #row-909156142 .grid-col-1-3{height:66.666666666667px}\n      #row-909156142 .grid-col-2-3{height: 133.33333333333px}\n      #row-909156142 .grid-col-1-4{height: 50px}\n      #row-909156142 .grid-col-3-4{height: 150px}\n    }\n    \n\n  <\/style>\n  \n  \n    <div id=\"row-909156142\" class=\"row has-shadow row-box-shadow-1 row-grid\" data-packery-options='{\"itemSelector\": \".col\", \"gutter\": 0, \"presentageWidth\" : true}'>\n\n  <div class=\"col post-item grid-col grid-col-1 large-3 medium-6\" >\n\t\t\t<div class=\"col-inner\">\n\t\t\t<a href=\"https:\/\/chuyennhatrongoidanang.com\/?p=1\" class=\"plain\">\n\t\t\t\t<div class=\"box box-normal box-text-bottom box-blog-post has-hover\">\n          \t\t\t\t\t<div class=\"box-text text-center\" >\n\t\t\t\t\t<div class=\"box-text-inner blog-post-inner\">\n\n\t\t\t\t\t\n\t\t\t\t\t\t\t\t\t\t<h5 class=\"post-title is-larger uppercase\">Test<\/h5>\n\t\t\t\t\t<div class=\"post-meta is-small op-8\">March 11, 2026<\/div>\t\t\t\t\t<div class=\"is-divider\"><\/div>\n\t\t\t\t\t\t\t\t\t\t<p class=\"from_the_blog_excerpt \">V\u00ec sao d\u1ecbch v\u1ee5 chuy\u1ec3n nh\u00e0 tr\u1ecdn g\u00f3i ng\u00e0y c\u00e0ng ph\u00e1t tri\u1ec3n t\u1ea1i H\u00e0 N\u1ed9i? [...]\t\t\t\t\t<\/p>\n\t\t\t\t\t                                            <p class=\"from_the_blog_comments uppercase is-xsmall\">\n                            1 Comment                        <\/p>\n                    \n\t\t\t\t\t\t\t\t\t\t\t<button href=\"https:\/\/chuyennhatrongoidanang.com\/?p=1\" class=\"button primary is-outline is-small mb-0\">\n\t\t\t\t\t\t\tXem Th\u00eam\t\t\t\t\t\t<\/button>\n\t\t\t\t\t\n\t\t\t\t\t\n\t\t\t\t\t<\/div>\n\t\t\t\t\t<\/div>\n\t\t\t\t\t\t\t\t\t<\/div>\n\t\t\t\t<\/a>\n\t\t\t<\/div>\n\t\t<\/div><\/div>\n","protected":false},"excerpt":{"rendered":"","protected":false},"author":1,"featured_media":0,"parent":0,"menu_order":0,"comment_status":"closed","ping_status":"closed","template":"page-blank.php","meta":{"footnotes":""},"class_list":["post-18","page","type-page","status-publish","hentry"],"_links":{"self":[{"href":"https:\/\/chuyennhatrongoidanang.com\/index.php?rest_route=\/wp\/v2\/pages\/18","targetHints":{"allow":["GET"]}}],"collection":[{"href":"https:\/\/chuyennhatrongoidanang.com\/index.php?rest_route=\/wp\/v2\/pages"}],"about":[{"href":"https:\/\/chuyennhatrongoidanang.com\/index.php?rest_route=\/wp\/v2\/types\/page"}],"author":[{"embeddable":true,"href":"https:\/\/chuyennhatrongoidanang.com\/index.php?rest_route=\/wp\/v2\/users\/1"}],"replies":[{"embeddable":true,"href":"https:\/\/chuyennhatrongoidanang.com\/index.php?rest_route=%2Fwp%2Fv2%2Fcomments&post=18"}],"version-history":[{"count":6,"href":"https:\/\/chuyennhatrongoidanang.com\/index.php?rest_route=\/wp\/v2\/pages\/18\/revisions"}],"predecessor-version":[{"id":95,"href":"https:\/\/chuyennhatrongoidanang.com\/index.php?rest_route=\/wp\/v2\/pages\/18\/revisions\/95"}],"wp:attachment":[{"href":"https:\/\/chuyennhatrongoidanang.com\/index.php?rest_route=%2Fwp%2Fv2%2Fmedia&parent=18"}],"curies":[{"name":"wp","href":"https:\/\/api.w.org\/{rel}","templated":true}]}}